{"id":32952,"date":"2024-11-17T11:34:00","date_gmt":"2024-11-17T16:34:00","guid":{"rendered":"https:\/\/solutionsmetrix.com\/methodology\/"},"modified":"2024-04-29T11:41:00","modified_gmt":"2024-04-29T15:41:00","slug":"methodologie","status":"publish","type":"page","link":"https:\/\/solutionsmetrix.com\/fr\/methodologie\/","title":{"rendered":"M\u00e9thodologie"},"content":{"rendered":"\t\t<div data-elementor-type=\"wp-page\" data-elementor-id=\"32952\" class=\"elementor elementor-32952 elementor-29764\" data-elementor-post-type=\"page\">\n\t\t\t\t\t\t<section class=\"elementor-section elementor-top-section elementor-element elementor-element-740421c0 elementor-section-height-min-height elementor-section-stretched elementor-section-boxed elementor-section-height-default elementor-section-items-middle\" data-id=\"740421c0\" data-element_type=\"section\" data-e-type=\"section\" data-settings=\"{&quot;stretch_section&quot;:&quot;section-stretched&quot;,&quot;background_background&quot;:&quot;classic&quot;}\">\n\t\t\t\t\t\t\t<div class=\"elementor-background-overlay\"><\/div>\n\t\t\t\t\t\t\t<div class=\"elementor-container elementor-column-gap-default\">\n\t\t\t\t\t<div class=\"elementor-column elementor-col-100 elementor-top-column elementor-element elementor-element-192bb463\" data-id=\"192bb463\" data-element_type=\"column\" data-e-type=\"column\">\n\t\t\t<div class=\"elementor-widget-wrap elementor-element-populated\">\n\t\t\t\t\t\t<div class=\"elementor-element elementor-element-6ac101a0 elementor-widget elementor-widget-heading\" data-id=\"6ac101a0\" data-element_type=\"widget\" data-e-type=\"widget\" data-widget_type=\"heading.default\">\n\t\t\t\t<div class=\"elementor-widget-container\">\n\t\t\t\t\t<h1 class=\"elementor-heading-title elementor-size-default\">NOTRE M\u00c9THODOLOGIE\n<\/h1>\t\t\t\t<\/div>\n\t\t\t\t<\/div>\n\t\t\t\t<div class=\"elementor-element elementor-element-4dfc78a8 elementor-widget__width-initial elementor-widget elementor-widget-text-editor\" data-id=\"4dfc78a8\" data-element_type=\"widget\" data-e-type=\"widget\" data-widget_type=\"text-editor.default\">\n\t\t\t\t<div class=\"elementor-widget-container\">\n\t\t\t\t\t\t\t\t\t<div class=\"hero-banner short\"><div class=\"global-wrap hero-txt-wrap\"><div class=\"hero-excerpt\">Votre r\u00e9ussite est au c\u0153ur de notre mission. Tout en adoptant une approche agnostique, notre objectif est de vous fournir la meilleure solution CRM qui convienne \u00e0 vos besoins op\u00e9rationnels, \u00e0 votre activit\u00e9, \u00e0 votre structure et \u00e0 vos exigences commerciales, tout cela afin d&#8217;am\u00e9liorer l&#8217;efficacit\u00e9 globale de votre personnel.<\/div><\/div><\/div>\t\t\t\t\t\t\t\t<\/div>\n\t\t\t\t<\/div>\n\t\t\t\t\t<\/div>\n\t\t<\/div>\n\t\t\t\t\t<\/div>\n\t\t<\/section>\n\t\t<div class=\"elementor-element elementor-element-3c441cc3 e-flex e-con-boxed e-con e-parent\" data-id=\"3c441cc3\" data-element_type=\"container\" data-e-type=\"container\">\n\t\t\t\t\t<div class=\"e-con-inner\">\n\t\t<div class=\"elementor-element elementor-element-e404d4a e-con-full e-flex e-con e-child\" data-id=\"e404d4a\" data-element_type=\"container\" data-e-type=\"container\" data-settings=\"{&quot;background_background&quot;:&quot;classic&quot;}\">\n\t\t\t\t<div class=\"elementor-element elementor-element-93ecbd6 elementor-view-default elementor-widget elementor-widget-icon\" data-id=\"93ecbd6\" data-element_type=\"widget\" data-e-type=\"widget\" data-widget_type=\"icon.default\">\n\t\t\t\t<div class=\"elementor-widget-container\">\n\t\t\t\t\t\t\t<div class=\"elementor-icon-wrapper\">\n\t\t\t<div class=\"elementor-icon\">\n\t\t\t<svg xmlns=\"http:\/\/www.w3.org\/2000\/svg\" id=\"Layer_1\" data-name=\"Layer 1\" viewBox=\"0 0 150.21 150.21\"><defs><style>.cls-1{fill:#fc6701;}.cls-2{fill:none;}<\/style><\/defs><g id=\"Group_10809\" data-name=\"Group 10809\"><path id=\"Path_36635\" data-name=\"Path 36635\" class=\"cls-1\" d=\"M75.15,39,44.35,92.27h61.51Zm0,5.28,26.18,45.35H48.92Z\"><\/path><path id=\"Path_36636\" data-name=\"Path 36636\" class=\"cls-1\" d=\"M75.15.11A75.13,75.13,0,0,0,2.67,55.69l-.52.49.18.68a74.8,74.8,0,0,0,18.84,70.31l.13.5.46.12A75,75,0,1,0,75.15.11ZM23.5,125.51,14.15,90.68,50.9,132.85Zm.81-63.57L41.64,44.61l-12.33,36ZM60,117.11,31,83.85,45.27,42.11l43.3-8.47,29,33.26-14.31,41.73Zm41.72-5.48L87.85,125.48l-24-6.37ZM56.36,117l-18.62-5L31.4,88.4ZM92,33.55l19.2,5.13L117.67,63Zm-44.8,5.56L61,25.25l24,6.43ZM24.24,58.27,34,29.79l23.26-4.55Zm-2,6L34.43,110l-20-23ZM82.82,126.9l-28.67,5.59L39,115.11Zm39.56-32.18-9,26.2L92,125.11Zm2-5.68-17.59,17.58,12.62-37,5.07,18.91ZM115,43.11l18,20.6-7,20.4ZM65.3,23.67l28-5.48,14.85,16.92ZM35.24,26.86,55.3,6.79l34.85,9.32ZM12.49,84.41,5.15,57l25.5-25.52Zm76.14,44h0l23.52-4.57-20,20-34.8-9.31Zm38-38,.86-.86-.25-.92,7.65-22.31,7.33,27.35-25.43,25.44ZM113.49,37.33l-.22-.81-.64-.17L96.48,17.82l27.37,7.34,9.3,34.75Zm11.43-14.62L58.15,4.8A72.08,72.08,0,0,1,124.92,22.71ZM51.7,6.71l-45,45a72.64,72.64,0,0,1,45-45ZM2.75,75.11A71.29,71.29,0,0,1,3.87,62.48l15.84,59.09A72,72,0,0,1,2.75,75.11Zm24.4,54.13L89.68,146a72.28,72.28,0,0,1-62.53-16.76ZM95,144.67,144.66,95A72.61,72.61,0,0,1,95,144.66Zm50-50.82L126.28,24A72.3,72.3,0,0,1,145,93.85Z\"><\/path><\/g><rect class=\"cls-2\" x=\"0.11\" y=\"0.11\" width=\"150\" height=\"150\" transform=\"translate(-0.11 0.11) rotate(-0.08)\"><\/rect><\/svg>\t\t\t<\/div>\n\t\t<\/div>\n\t\t\t\t\t\t<\/div>\n\t\t\t\t<\/div>\n\t\t\t\t<div class=\"elementor-element elementor-element-ad976cf elementor-widget elementor-widget-icon-box\" data-id=\"ad976cf\" data-element_type=\"widget\" data-e-type=\"widget\" data-widget_type=\"icon-box.default\">\n\t\t\t\t<div class=\"elementor-widget-container\">\n\t\t\t\t\t\t\t<div class=\"elementor-icon-box-wrapper\">\n\n\t\t\t\n\t\t\t\t\t\t<div class=\"elementor-icon-box-content\">\n\n\t\t\t\t\t\t\t\t\t<h3 class=\"elementor-icon-box-title\">\n\t\t\t\t\t\t<a href=\"\/fr\/methodologie\/cycle-intelligent-crm\/\" target=\"_blank\" >\n\t\t\t\t\t\t\tCYCLE INTELLIGENT DU CRM\t\t\t\t\t\t<\/a>\n\t\t\t\t\t<\/h3>\n\t\t\t\t\n\t\t\t\t\t\t\t\t\t<p class=\"elementor-icon-box-description\">\n\t\t\t\t\t\tNotre cycle intelligent du CRM est la garantie d'une mise en \u0153uvre r\u00e9ussie. Rien n'est laiss\u00e9 au hasard ! Notre feuille de route d\u00e9taill\u00e9e assure une transition en douceur en suivant une proc\u00e9dure \u00e9tape par \u00e9tape.\t\t\t\t\t<\/p>\n\t\t\t\t\n\t\t\t<\/div>\n\t\t\t\n\t\t<\/div>\n\t\t\t\t\t\t<\/div>\n\t\t\t\t<\/div>\n\t\t\t\t<div class=\"elementor-element elementor-element-4ad1fe58 elementor-align-left elementor-widget elementor-widget-button\" data-id=\"4ad1fe58\" data-element_type=\"widget\" data-e-type=\"widget\" data-widget_type=\"button.default\">\n\t\t\t\t<div class=\"elementor-widget-container\">\n\t\t\t\t\t\t\t\t\t<div class=\"elementor-button-wrapper\">\n\t\t\t\t\t<a class=\"elementor-button elementor-button-link elementor-size-sm\" href=\"\/fr\/methodologie\/cycle-intelligent-crm\/\" target=\"_blank\">\n\t\t\t\t\t\t<span class=\"elementor-button-content-wrapper\">\n\t\t\t\t\t\t\t\t\t<span class=\"elementor-button-text\">En savoir plus<\/span>\n\t\t\t\t\t<\/span>\n\t\t\t\t\t<\/a>\n\t\t\t\t<\/div>\n\t\t\t\t\t\t\t\t<\/div>\n\t\t\t\t<\/div>\n\t\t\t\t<\/div>\n\t\t<div class=\"elementor-element elementor-element-4d3a308c e-con-full e-flex e-con e-child\" data-id=\"4d3a308c\" data-element_type=\"container\" data-e-type=\"container\" data-settings=\"{&quot;background_background&quot;:&quot;classic&quot;}\">\n\t\t\t\t<div class=\"elementor-element elementor-element-2bceaaa elementor-view-default elementor-widget elementor-widget-icon\" data-id=\"2bceaaa\" data-element_type=\"widget\" data-e-type=\"widget\" data-widget_type=\"icon.default\">\n\t\t\t\t<div class=\"elementor-widget-container\">\n\t\t\t\t\t\t\t<div class=\"elementor-icon-wrapper\">\n\t\t\t<div class=\"elementor-icon\">\n\t\t\t<svg xmlns=\"http:\/\/www.w3.org\/2000\/svg\" id=\"Layer_1\" data-name=\"Layer 1\" viewBox=\"0 0 150 150\"><rect width=\"150\" height=\"150\" fill=\"none\"><\/rect><path d=\"M67,122a13.93,13.93,0,1,0,15.92.06l50.2-86.94H114.36L132.19,4.25l-1.9-1.1-18.46,32H76.1V2.61H16.86L35.64,35.14H16.86Zm19.66,11.44a11.74,11.74,0,1,1-18.56-9.53L75,135.84,81.84,124A11.71,11.71,0,0,1,86.68,133.46ZM70,122.82a11.78,11.78,0,0,1,4.93-1.1,11.6,11.6,0,0,1,5,1.15l-5,8.59Zm40.55-85.49L75,98.93,39.44,37.33H73.9V50.7h2.2V37.33ZM20.65,4.8H73.9V35.14H38.17ZM75,103.31l38.1-66h16.24L81.06,121a13.73,13.73,0,0,0-12.14,0L20.65,37.33H36.9Z\" transform=\"translate(0 0)\" fill=\"#fc6701\"><\/path><\/svg>\t\t\t<\/div>\n\t\t<\/div>\n\t\t\t\t\t\t<\/div>\n\t\t\t\t<\/div>\n\t\t\t\t<div class=\"elementor-element elementor-element-58dc4241 elementor-widget elementor-widget-icon-box\" data-id=\"58dc4241\" data-element_type=\"widget\" data-e-type=\"widget\" data-widget_type=\"icon-box.default\">\n\t\t\t\t<div class=\"elementor-widget-container\">\n\t\t\t\t\t\t\t<div class=\"elementor-icon-box-wrapper\">\n\n\t\t\t\n\t\t\t\t\t\t<div class=\"elementor-icon-box-content\">\n\n\t\t\t\t\t\t\t\t\t<h3 class=\"elementor-icon-box-title\">\n\t\t\t\t\t\t<a href=\"\/fr\/methodologie\/utilisateur-adoption\/\" target=\"_blank\" >\n\t\t\t\t\t\t\tADOPTION PAR L'UTILISATEUR\t\t\t\t\t\t<\/a>\n\t\t\t\t\t<\/h3>\n\t\t\t\t\n\t\t\t\t\t\t\t\t\t<p class=\"elementor-icon-box-description\">\n\t\t\t\t\t\tLe CRM ne se limite pas \u00e0 la centralisation des informations sur les clients et \u00e0 la visibilit\u00e9 sur l'entonnoir des ventes (bien qu'il vous apporte cela aussi !). Il s'agit plut\u00f4t d'am\u00e9liorer la fa\u00e7on dont vos \u00e9quipes de vente, de service \u00e0 la client\u00e8le et de marketing travaillent.\t\t\t\t\t<\/p>\n\t\t\t\t\n\t\t\t<\/div>\n\t\t\t\n\t\t<\/div>\n\t\t\t\t\t\t<\/div>\n\t\t\t\t<\/div>\n\t\t\t\t<div class=\"elementor-element elementor-element-60fac419 elementor-align-left elementor-widget elementor-widget-button\" data-id=\"60fac419\" data-element_type=\"widget\" data-e-type=\"widget\" data-widget_type=\"button.default\">\n\t\t\t\t<div class=\"elementor-widget-container\">\n\t\t\t\t\t\t\t\t\t<div class=\"elementor-button-wrapper\">\n\t\t\t\t\t<a class=\"elementor-button elementor-button-link elementor-size-sm\" href=\"\/fr\/methodologie\/utilisateur-adoption\/\" target=\"_blank\">\n\t\t\t\t\t\t<span class=\"elementor-button-content-wrapper\">\n\t\t\t\t\t\t\t\t\t<span class=\"elementor-button-text\">En savoir plus<\/span>\n\t\t\t\t\t<\/span>\n\t\t\t\t\t<\/a>\n\t\t\t\t<\/div>\n\t\t\t\t\t\t\t\t<\/div>\n\t\t\t\t<\/div>\n\t\t\t\t<\/div>\n\t\t\t\t\t<\/div>\n\t\t\t\t<\/div>\n\t\t<div class=\"elementor-element elementor-element-69bc954 e-con-full e-flex e-con e-parent\" data-id=\"69bc954\" data-element_type=\"container\" data-e-type=\"container\">\n\t\t\t\t<div class=\"elementor-element elementor-element-172f2f6 elementor-widget elementor-widget-template\" data-id=\"172f2f6\" data-element_type=\"widget\" data-e-type=\"widget\" data-widget_type=\"template.default\">\n\t\t\t\t<div class=\"elementor-widget-container\">\n\t\t\t\t\t\t\t<div class=\"elementor-template\">\n\t\t\t\t\t<div data-elementor-type=\"section\" data-elementor-id=\"34803\" class=\"elementor elementor-34803 elementor-30753\" data-elementor-post-type=\"elementor_library\">\n\t\t\t\t\t<section class=\"elementor-section elementor-top-section elementor-element elementor-element-2c5c51c2 elementor-section-stretched elementor-section-boxed elementor-section-height-default elementor-section-height-default\" data-id=\"2c5c51c2\" data-element_type=\"section\" data-e-type=\"section\" data-settings=\"{&quot;stretch_section&quot;:&quot;section-stretched&quot;,&quot;background_background&quot;:&quot;classic&quot;}\">\n\t\t\t\t\t\t<div class=\"elementor-container elementor-column-gap-default\">\n\t\t\t\t\t<div class=\"elementor-column elementor-col-100 elementor-top-column elementor-element elementor-element-78238b6\" data-id=\"78238b6\" data-element_type=\"column\" data-e-type=\"column\">\n\t\t\t<div class=\"elementor-widget-wrap elementor-element-populated\">\n\t\t\t\t\t\t<div class=\"elementor-element elementor-element-2d213879 elementor-invisible elementor-widget elementor-widget-heading\" data-id=\"2d213879\" data-element_type=\"widget\" data-e-type=\"widget\" data-settings=\"{&quot;_animation&quot;:&quot;fadeInUp&quot;}\" data-widget_type=\"heading.default\">\n\t\t\t\t<div class=\"elementor-widget-container\">\n\t\t\t\t\t<h2 class=\"elementor-heading-title elementor-size-default\">\u00c0 LA RECHERCHE D'UNE SOLUTION CRM SUR MESURE ?\n<\/h2>\t\t\t\t<\/div>\n\t\t\t\t<\/div>\n\t\t\t\t<div class=\"elementor-element elementor-element-2954b108 elementor-invisible elementor-widget elementor-widget-text-editor\" data-id=\"2954b108\" data-element_type=\"widget\" data-e-type=\"widget\" data-settings=\"{&quot;_animation&quot;:&quot;fadeInUp&quot;}\" data-widget_type=\"text-editor.default\">\n\t\t\t\t<div class=\"elementor-widget-container\">\n\t\t\t\t\t\t\t\t\t<p>Avez-vous besoin de mettre \u00e0 jour votre logiciel CRM actuel ou de migrer vers un nouveau logiciel ? Ne cherchez pas plus loin que Solutions Metrix. Notre \u00e9quipe d&#8217;experts en CRM a plus de dix ans d&#8217;exp\u00e9rience dans la fourniture de solutions CRM ind\u00e9pendantes des plates-formes aux principales banques et institutions financi\u00e8res \u00e0 travers les \u00c9tats-Unis et le Canada.<\/p>\n\t\t\t\t\t\t\t\t<\/div>\n\t\t\t\t<\/div>\n\t\t\t\t<div class=\"elementor-element elementor-element-16aff596 elementor-align-center elementor-invisible elementor-widget elementor-widget-button\" data-id=\"16aff596\" data-element_type=\"widget\" data-e-type=\"widget\" data-settings=\"{&quot;_animation&quot;:&quot;fadeInUp&quot;}\" data-widget_type=\"button.default\">\n\t\t\t\t<div class=\"elementor-widget-container\">\n\t\t\t\t\t\t\t\t\t<div class=\"elementor-button-wrapper\">\n\t\t\t\t\t<a class=\"elementor-button elementor-button-link elementor-size-sm\" href=\"\/fr\/contactez-nous\/\" target=\"_blank\">\n\t\t\t\t\t\t<span class=\"elementor-button-content-wrapper\">\n\t\t\t\t\t\t\t\t\t<span class=\"elementor-button-text\">R\u00c9SERVEZ VOTRE CONSULTATION<\/span>\n\t\t\t\t\t<\/span>\n\t\t\t\t\t<\/a>\n\t\t\t\t<\/div>\n\t\t\t\t\t\t\t\t<\/div>\n\t\t\t\t<\/div>\n\t\t\t\t\t<\/div>\n\t\t<\/div>\n\t\t\t\t\t<\/div>\n\t\t<\/section>\n\t\t\t\t<\/div>\n\t\t\t\t<\/div>\n\t\t\t\t\t\t<\/div>\n\t\t\t\t<\/div>\n\t\t\t\t<\/div>\n\t\t\t\t<\/div>\n\t\t","protected":false},"excerpt":{"rendered":"<p>Notre approche &#8220;Smart Cycle&#8221; garantit une mise en \u0153uvre transparente et l&#8217;adoption par les utilisateurs d&#8217;une performance d&#8217;\u00e9quipe am\u00e9lior\u00e9e qui r\u00e9pond \u00e0 vos besoins op\u00e9rationnels.<\/p>\n","protected":false},"author":8,"featured_media":30913,"parent":0,"menu_order":0,"comment_status":"closed","ping_status":"closed","template":"elementor_header_footer","meta":{"_acf_changed":false,"nf_dc_page":"","footnotes":""},"class_list":["post-32952","page","type-page","status-publish","has-post-thumbnail","hentry"],"acf":[],"yoast_head":"<!-- This site is optimized with the Yoast SEO plugin v27.4 - https:\/\/yoast.com\/product\/yoast-seo-wordpress\/ -->\n<title>Approches de mise en \u0153uvre et de conseil en CRM<\/title>\n<meta name=\"description\" content=\"Notre approche \u00ab Smart Cycle \u00bb garantit une mise en \u0153uvre transparente et une adoption par les utilisateurs pour des performances d&#039;\u00e9quipe am\u00e9lior\u00e9es.\" \/>\n<meta name=\"robots\" content=\"index, follow, max-snippet:-1, max-image-preview:large, max-video-preview:-1\" \/>\n<link rel=\"canonical\" href=\"https:\/\/solutionsmetrix.com\/fr\/methodologie\/\" \/>\n<meta property=\"og:locale\" content=\"fr_FR\" \/>\n<meta property=\"og:type\" content=\"article\" \/>\n<meta property=\"og:title\" content=\"Approches de mise en \u0153uvre et de conseil en CRM\" \/>\n<meta property=\"og:description\" content=\"Notre approche \u00ab Smart Cycle \u00bb garantit une mise en \u0153uvre transparente et une adoption par les utilisateurs pour des performances d&#039;\u00e9quipe am\u00e9lior\u00e9es.\" \/>\n<meta property=\"og:url\" content=\"https:\/\/solutionsmetrix.com\/fr\/methodologie\/\" \/>\n<meta property=\"og:site_name\" content=\"Solutions Metrix\" \/>\n<meta property=\"article:publisher\" content=\"https:\/\/www.facebook.com\/SolutionsMetrix\" \/>\n<meta property=\"og:image\" content=\"https:\/\/solutionsmetrix.com\/wp-content\/uploads\/2024\/03\/iStock-1487253253-1.jpg\" \/>\n\t<meta property=\"og:image:width\" content=\"2121\" \/>\n\t<meta property=\"og:image:height\" content=\"1414\" \/>\n\t<meta property=\"og:image:type\" content=\"image\/jpeg\" \/>\n<meta name=\"twitter:card\" content=\"summary_large_image\" \/>\n<meta name=\"twitter:site\" content=\"@SolutionsMetrix\" \/>\n<meta name=\"twitter:label1\" content=\"Dur\u00e9e de lecture estim\u00e9e\" \/>\n\t<meta name=\"twitter:data1\" content=\"1 minute\" \/>\n<script type=\"application\/ld+json\" class=\"yoast-schema-graph\">{\"@context\":\"https:\\\/\\\/schema.org\",\"@graph\":[{\"@type\":\"WebPage\",\"@id\":\"https:\\\/\\\/solutionsmetrix.com\\\/fr\\\/methodologie\\\/\",\"url\":\"https:\\\/\\\/solutionsmetrix.com\\\/fr\\\/methodologie\\\/\",\"name\":\"Approches de mise en \u0153uvre et de conseil en CRM\",\"isPartOf\":{\"@id\":\"https:\\\/\\\/solutionsmetrix.com\\\/fr\\\/#website\"},\"primaryImageOfPage\":{\"@id\":\"https:\\\/\\\/solutionsmetrix.com\\\/fr\\\/methodologie\\\/#primaryimage\"},\"image\":{\"@id\":\"https:\\\/\\\/solutionsmetrix.com\\\/fr\\\/methodologie\\\/#primaryimage\"},\"thumbnailUrl\":\"https:\\\/\\\/solutionsmetrix.com\\\/wp-content\\\/uploads\\\/2024\\\/03\\\/iStock-1487253253-1.jpg\",\"datePublished\":\"2024-11-17T16:34:00+00:00\",\"description\":\"Notre approche \u00ab Smart Cycle \u00bb garantit une mise en \u0153uvre transparente et une adoption par les utilisateurs pour des performances d'\u00e9quipe am\u00e9lior\u00e9es.\",\"breadcrumb\":{\"@id\":\"https:\\\/\\\/solutionsmetrix.com\\\/fr\\\/methodologie\\\/#breadcrumb\"},\"inLanguage\":\"fr-FR\",\"potentialAction\":[{\"@type\":\"ReadAction\",\"target\":[\"https:\\\/\\\/solutionsmetrix.com\\\/fr\\\/methodologie\\\/\"]}]},{\"@type\":\"ImageObject\",\"inLanguage\":\"fr-FR\",\"@id\":\"https:\\\/\\\/solutionsmetrix.com\\\/fr\\\/methodologie\\\/#primaryimage\",\"url\":\"https:\\\/\\\/solutionsmetrix.com\\\/wp-content\\\/uploads\\\/2024\\\/03\\\/iStock-1487253253-1.jpg\",\"contentUrl\":\"https:\\\/\\\/solutionsmetrix.com\\\/wp-content\\\/uploads\\\/2024\\\/03\\\/iStock-1487253253-1.jpg\",\"width\":2121,\"height\":1414,\"caption\":\"Agile software development, kanban board framework methodology on computer. Devops concept.\"},{\"@type\":\"BreadcrumbList\",\"@id\":\"https:\\\/\\\/solutionsmetrix.com\\\/fr\\\/methodologie\\\/#breadcrumb\",\"itemListElement\":[{\"@type\":\"ListItem\",\"position\":1,\"name\":\"Home\",\"item\":\"https:\\\/\\\/solutionsmetrix.com\\\/fr\\\/\"},{\"@type\":\"ListItem\",\"position\":2,\"name\":\"M\u00e9thodologie\"}]},{\"@type\":\"WebSite\",\"@id\":\"https:\\\/\\\/solutionsmetrix.com\\\/fr\\\/#website\",\"url\":\"https:\\\/\\\/solutionsmetrix.com\\\/fr\\\/\",\"name\":\"Solutions Metrix\",\"description\":\"Your CRM Solutions Leader\",\"publisher\":{\"@id\":\"https:\\\/\\\/solutionsmetrix.com\\\/fr\\\/#organization\"},\"potentialAction\":[{\"@type\":\"SearchAction\",\"target\":{\"@type\":\"EntryPoint\",\"urlTemplate\":\"https:\\\/\\\/solutionsmetrix.com\\\/fr\\\/?s={search_term_string}\"},\"query-input\":{\"@type\":\"PropertyValueSpecification\",\"valueRequired\":true,\"valueName\":\"search_term_string\"}}],\"inLanguage\":\"fr-FR\"},{\"@type\":\"Organization\",\"@id\":\"https:\\\/\\\/solutionsmetrix.com\\\/fr\\\/#organization\",\"name\":\"Solutions Metrix\",\"url\":\"https:\\\/\\\/solutionsmetrix.com\\\/fr\\\/\",\"logo\":{\"@type\":\"ImageObject\",\"inLanguage\":\"fr-FR\",\"@id\":\"https:\\\/\\\/solutionsmetrix.com\\\/fr\\\/#\\\/schema\\\/logo\\\/image\\\/\",\"url\":\"https:\\\/\\\/solutionsmetrix.com\\\/wp-content\\\/uploads\\\/2022\\\/11\\\/white-logo-smx.png\",\"contentUrl\":\"https:\\\/\\\/solutionsmetrix.com\\\/wp-content\\\/uploads\\\/2022\\\/11\\\/white-logo-smx.png\",\"width\":512,\"height\":93,\"caption\":\"Solutions Metrix\"},\"image\":{\"@id\":\"https:\\\/\\\/solutionsmetrix.com\\\/fr\\\/#\\\/schema\\\/logo\\\/image\\\/\"},\"sameAs\":[\"https:\\\/\\\/www.facebook.com\\\/SolutionsMetrix\",\"https:\\\/\\\/x.com\\\/SolutionsMetrix\"]}]}<\/script>\n<!-- \/ Yoast SEO plugin. -->","yoast_head_json":{"title":"Approches de mise en \u0153uvre et de conseil en CRM","description":"Notre approche \u00ab Smart Cycle \u00bb garantit une mise en \u0153uvre transparente et une adoption par les utilisateurs pour des performances d'\u00e9quipe am\u00e9lior\u00e9es.","robots":{"index":"index","follow":"follow","max-snippet":"max-snippet:-1","max-image-preview":"max-image-preview:large","max-video-preview":"max-video-preview:-1"},"canonical":"https:\/\/solutionsmetrix.com\/fr\/methodologie\/","og_locale":"fr_FR","og_type":"article","og_title":"Approches de mise en \u0153uvre et de conseil en CRM","og_description":"Notre approche \u00ab Smart Cycle \u00bb garantit une mise en \u0153uvre transparente et une adoption par les utilisateurs pour des performances d'\u00e9quipe am\u00e9lior\u00e9es.","og_url":"https:\/\/solutionsmetrix.com\/fr\/methodologie\/","og_site_name":"Solutions Metrix","article_publisher":"https:\/\/www.facebook.com\/SolutionsMetrix","og_image":[{"width":2121,"height":1414,"url":"https:\/\/solutionsmetrix.com\/wp-content\/uploads\/2024\/03\/iStock-1487253253-1.jpg","type":"image\/jpeg"}],"twitter_card":"summary_large_image","twitter_site":"@SolutionsMetrix","twitter_misc":{"Dur\u00e9e de lecture estim\u00e9e":"1 minute"},"schema":{"@context":"https:\/\/schema.org","@graph":[{"@type":"WebPage","@id":"https:\/\/solutionsmetrix.com\/fr\/methodologie\/","url":"https:\/\/solutionsmetrix.com\/fr\/methodologie\/","name":"Approches de mise en \u0153uvre et de conseil en CRM","isPartOf":{"@id":"https:\/\/solutionsmetrix.com\/fr\/#website"},"primaryImageOfPage":{"@id":"https:\/\/solutionsmetrix.com\/fr\/methodologie\/#primaryimage"},"image":{"@id":"https:\/\/solutionsmetrix.com\/fr\/methodologie\/#primaryimage"},"thumbnailUrl":"https:\/\/solutionsmetrix.com\/wp-content\/uploads\/2024\/03\/iStock-1487253253-1.jpg","datePublished":"2024-11-17T16:34:00+00:00","description":"Notre approche \u00ab Smart Cycle \u00bb garantit une mise en \u0153uvre transparente et une adoption par les utilisateurs pour des performances d'\u00e9quipe am\u00e9lior\u00e9es.","breadcrumb":{"@id":"https:\/\/solutionsmetrix.com\/fr\/methodologie\/#breadcrumb"},"inLanguage":"fr-FR","potentialAction":[{"@type":"ReadAction","target":["https:\/\/solutionsmetrix.com\/fr\/methodologie\/"]}]},{"@type":"ImageObject","inLanguage":"fr-FR","@id":"https:\/\/solutionsmetrix.com\/fr\/methodologie\/#primaryimage","url":"https:\/\/solutionsmetrix.com\/wp-content\/uploads\/2024\/03\/iStock-1487253253-1.jpg","contentUrl":"https:\/\/solutionsmetrix.com\/wp-content\/uploads\/2024\/03\/iStock-1487253253-1.jpg","width":2121,"height":1414,"caption":"Agile software development, kanban board framework methodology on computer. Devops concept."},{"@type":"BreadcrumbList","@id":"https:\/\/solutionsmetrix.com\/fr\/methodologie\/#breadcrumb","itemListElement":[{"@type":"ListItem","position":1,"name":"Home","item":"https:\/\/solutionsmetrix.com\/fr\/"},{"@type":"ListItem","position":2,"name":"M\u00e9thodologie"}]},{"@type":"WebSite","@id":"https:\/\/solutionsmetrix.com\/fr\/#website","url":"https:\/\/solutionsmetrix.com\/fr\/","name":"Solutions Metrix","description":"Your CRM Solutions Leader","publisher":{"@id":"https:\/\/solutionsmetrix.com\/fr\/#organization"},"potentialAction":[{"@type":"SearchAction","target":{"@type":"EntryPoint","urlTemplate":"https:\/\/solutionsmetrix.com\/fr\/?s={search_term_string}"},"query-input":{"@type":"PropertyValueSpecification","valueRequired":true,"valueName":"search_term_string"}}],"inLanguage":"fr-FR"},{"@type":"Organization","@id":"https:\/\/solutionsmetrix.com\/fr\/#organization","name":"Solutions Metrix","url":"https:\/\/solutionsmetrix.com\/fr\/","logo":{"@type":"ImageObject","inLanguage":"fr-FR","@id":"https:\/\/solutionsmetrix.com\/fr\/#\/schema\/logo\/image\/","url":"https:\/\/solutionsmetrix.com\/wp-content\/uploads\/2022\/11\/white-logo-smx.png","contentUrl":"https:\/\/solutionsmetrix.com\/wp-content\/uploads\/2022\/11\/white-logo-smx.png","width":512,"height":93,"caption":"Solutions Metrix"},"image":{"@id":"https:\/\/solutionsmetrix.com\/fr\/#\/schema\/logo\/image\/"},"sameAs":["https:\/\/www.facebook.com\/SolutionsMetrix","https:\/\/x.com\/SolutionsMetrix"]}]}},"_links":{"self":[{"href":"https:\/\/solutionsmetrix.com\/fr\/wp-json\/wp\/v2\/pages\/32952","targetHints":{"allow":["GET"]}}],"collection":[{"href":"https:\/\/solutionsmetrix.com\/fr\/wp-json\/wp\/v2\/pages"}],"about":[{"href":"https:\/\/solutionsmetrix.com\/fr\/wp-json\/wp\/v2\/types\/page"}],"author":[{"embeddable":true,"href":"https:\/\/solutionsmetrix.com\/fr\/wp-json\/wp\/v2\/users\/8"}],"replies":[{"embeddable":true,"href":"https:\/\/solutionsmetrix.com\/fr\/wp-json\/wp\/v2\/comments?post=32952"}],"version-history":[{"count":0,"href":"https:\/\/solutionsmetrix.com\/fr\/wp-json\/wp\/v2\/pages\/32952\/revisions"}],"wp:featuredmedia":[{"embeddable":true,"href":"https:\/\/solutionsmetrix.com\/fr\/wp-json\/wp\/v2\/media\/30913"}],"wp:attachment":[{"href":"https:\/\/solutionsmetrix.com\/fr\/wp-json\/wp\/v2\/media?parent=32952"}],"curies":[{"name":"wp","href":"https:\/\/api.w.org\/{rel}","templated":true}]}}